{"id":1914,"date":"2024-07-19T01:46:54","date_gmt":"2024-07-19T05:46:54","guid":{"rendered":"https:\/\/ottawainterlockcleaning.com\/?post_type=product&#038;p=1914"},"modified":"2025-01-04T06:47:17","modified_gmt":"2025-01-04T11:47:17","slug":"techniseal-polymeric-sand-35lbs-tan","status":"publish","type":"product","link":"https:\/\/nettoyagepaveunirivesud.com\/index.php\/produit\/techniseal-polymeric-sand-35lbs-tan\/","title":{"rendered":"Techniseal Sable Polym\u00e8re 35Lbs (Brun)"},"content":{"rendered":"<p>Le sable polym\u00e8re EZ Sand Techniseal emp\u00eache la croissance des mauvaises herbes, repousse les fourmis et autres infestations d&rsquo;insectes. Ce mat\u00e9riau durable (certifi\u00e9 LEED) aide \u00e0 pr\u00e9venir l&rsquo;\u00e9rosion des pav\u00e9s. <\/p>\n<p>Fabriqu\u00e9 \u00e0 partir de sable calibr\u00e9 et de liant, ce sable de jointoiement r\u00e9sidentiel tr\u00e8s fiable s&rsquo;\u00e9coule en douceur dans les joints et vous permet d&rsquo;installer des pav\u00e9s rapidement et efficacement. Recommand\u00e9 pour les all\u00e9es et les patios. Couleur beige.<br \/>\nLa temp\u00e9rature de r\u00e9glage minimale est de 5\u00b0 Celsius<\/p>\n<p>Aide \u00e0 pr\u00e9venir les mauvaises herbes et l&rsquo;ensemencement des plantes ainsi que les insectes et l&rsquo;\u00e9rosion<br \/>\nVerrouillez fermement les produits de pav\u00e9s et de dalles en place<\/p>\n<p>Fournit la touche finale pour une installation de qualit\u00e9<br \/>\nLa couverture en pieds carr\u00e9s varie selon la largeur et la profondeur du joint<\/p>\n","protected":false},"excerpt":{"rendered":"<p>Le sable polym\u00e8re EZ Sand Techniseal emp\u00eache la croissance des mauvaises herbes, repousse les fourmis et autres infestations d&rsquo;insectes. Ce mat\u00e9riau durable (certifi\u00e9 LEED) aide \u00e0 pr\u00e9venir l&rsquo;\u00e9rosion des pav\u00e9s. &#8230;<\/p>\n","protected":false},"featured_media":1915,"template":"","meta":[],"product_cat":[30],"product_tag":[],"class_list":{"0":"post-1914","1":"product","2":"type-product","3":"status-publish","4":"has-post-thumbnail","6":"product_cat-non-classe","8":"first","9":"instock","10":"taxable","11":"shipping-taxable","12":"purchasable","13":"product-type-simple"},"yoast_head":"<!-- This site is optimized with the Yoast SEO plugin v24.1 - https:\/\/yoast.com\/wordpress\/plugins\/seo\/ -->\n<title>Techniseal Sable Polym\u00e8re 35Lbs (Brun) - Nettoyage Pav\u00e9-Uni &amp; Scellant Rive-Sud<\/title>\n<meta name=\"robots\" content=\"index, follow, max-snippet:-1, max-image-preview:large, max-video-preview:-1\" \/>\n<link rel=\"canonical\" href=\"https:\/\/nettoyagepaveunirivesud.com\/index.php\/produit\/techniseal-polymeric-sand-35lbs-tan\/\" \/>\n<meta property=\"og:locale\" content=\"fr_CA\" \/>\n<meta property=\"og:type\" content=\"article\" \/>\n<meta property=\"og:title\" content=\"Techniseal Sable Polym\u00e8re 35Lbs (Brun) - Nettoyage Pav\u00e9-Uni &amp; Scellant Rive-Sud\" \/>\n<meta property=\"og:description\" content=\"Le sable polym\u00e8re EZ Sand Techniseal emp\u00eache la croissance des mauvaises herbes, repousse les fourmis et autres infestations d&rsquo;insectes. Ce mat\u00e9riau durable (certifi\u00e9 LEED) aide \u00e0 pr\u00e9venir l&rsquo;\u00e9rosion des pav\u00e9s. ...\" \/>\n<meta property=\"og:url\" content=\"https:\/\/nettoyagepaveunirivesud.com\/index.php\/produit\/techniseal-polymeric-sand-35lbs-tan\/\" \/>\n<meta property=\"og:site_name\" content=\"Nettoyage Pav\u00e9-Uni &amp; Scellant Rive-Sud\" \/>\n<meta property=\"article:modified_time\" content=\"2025-01-04T11:47:17+00:00\" \/>\n<meta property=\"og:image\" content=\"https:\/\/nettoyagepaveunirivesud.com\/wp-content\/uploads\/2024\/07\/IMG_0555.jpeg\" \/>\n\t<meta property=\"og:image:width\" content=\"660\" \/>\n\t<meta property=\"og:image:height\" content=\"660\" \/>\n\t<meta property=\"og:image:type\" content=\"image\/jpeg\" \/>\n<meta name=\"twitter:card\" content=\"summary_large_image\" \/>\n<meta name=\"twitter:label1\" content=\"Estimation du temps de lecture\" \/>\n\t<meta name=\"twitter:data1\" content=\"1 minute\" \/>\n<script type=\"application\/ld+json\" class=\"yoast-schema-graph\">{\"@context\":\"https:\/\/schema.org\",\"@graph\":[{\"@type\":\"WebPage\",\"@id\":\"https:\/\/nettoyagepaveunirivesud.com\/index.php\/produit\/techniseal-polymeric-sand-35lbs-tan\/\",\"url\":\"https:\/\/nettoyagepaveunirivesud.com\/index.php\/produit\/techniseal-polymeric-sand-35lbs-tan\/\",\"name\":\"Techniseal Sable Polym\u00e8re 35Lbs (Brun) - Nettoyage Pav\u00e9-Uni &amp; Scellant Rive-Sud\",\"isPartOf\":{\"@id\":\"https:\/\/nettoyagepaveunirivesud.com\/#website\"},\"primaryImageOfPage\":{\"@id\":\"https:\/\/nettoyagepaveunirivesud.com\/index.php\/produit\/techniseal-polymeric-sand-35lbs-tan\/#primaryimage\"},\"image\":{\"@id\":\"https:\/\/nettoyagepaveunirivesud.com\/index.php\/produit\/techniseal-polymeric-sand-35lbs-tan\/#primaryimage\"},\"thumbnailUrl\":\"https:\/\/nettoyagepaveunirivesud.com\/wp-content\/uploads\/2024\/07\/IMG_0555.jpeg\",\"datePublished\":\"2024-07-19T05:46:54+00:00\",\"dateModified\":\"2025-01-04T11:47:17+00:00\",\"breadcrumb\":{\"@id\":\"https:\/\/nettoyagepaveunirivesud.com\/index.php\/produit\/techniseal-polymeric-sand-35lbs-tan\/#breadcrumb\"},\"inLanguage\":\"fr-CA\",\"potentialAction\":[{\"@type\":\"ReadAction\",\"target\":[\"https:\/\/nettoyagepaveunirivesud.com\/index.php\/produit\/techniseal-polymeric-sand-35lbs-tan\/\"]}]},{\"@type\":\"ImageObject\",\"inLanguage\":\"fr-CA\",\"@id\":\"https:\/\/nettoyagepaveunirivesud.com\/index.php\/produit\/techniseal-polymeric-sand-35lbs-tan\/#primaryimage\",\"url\":\"https:\/\/nettoyagepaveunirivesud.com\/wp-content\/uploads\/2024\/07\/IMG_0555.jpeg\",\"contentUrl\":\"https:\/\/nettoyagepaveunirivesud.com\/wp-content\/uploads\/2024\/07\/IMG_0555.jpeg\",\"width\":660,\"height\":660},{\"@type\":\"BreadcrumbList\",\"@id\":\"https:\/\/nettoyagepaveunirivesud.com\/index.php\/produit\/techniseal-polymeric-sand-35lbs-tan\/#breadcrumb\",\"itemListElement\":[{\"@type\":\"ListItem\",\"position\":1,\"name\":\"Home\",\"item\":\"https:\/\/nettoyagepaveunirivesud.com\/\"},{\"@type\":\"ListItem\",\"position\":2,\"name\":\"Shop\",\"item\":\"https:\/\/nettoyagepaveunirivesud.com\/index.php\/shop\/\"},{\"@type\":\"ListItem\",\"position\":3,\"name\":\"Techniseal Sable Polym\u00e8re 35Lbs (Brun)\"}]},{\"@type\":\"WebSite\",\"@id\":\"https:\/\/nettoyagepaveunirivesud.com\/#website\",\"url\":\"https:\/\/nettoyagepaveunirivesud.com\/\",\"name\":\"Nettoyage Pav\u00e9-Uni Rive-sud\",\"description\":\"Votre sp\u00e9cialiste dans le nettoyage et la pose de scellant sur la Rive-Sud.\",\"publisher\":{\"@id\":\"https:\/\/nettoyagepaveunirivesud.com\/#organization\"},\"potentialAction\":[{\"@type\":\"SearchAction\",\"target\":{\"@type\":\"EntryPoint\",\"urlTemplate\":\"https:\/\/nettoyagepaveunirivesud.com\/?s={search_term_string}\"},\"query-input\":{\"@type\":\"PropertyValueSpecification\",\"valueRequired\":true,\"valueName\":\"search_term_string\"}}],\"inLanguage\":\"fr-CA\"},{\"@type\":\"Organization\",\"@id\":\"https:\/\/nettoyagepaveunirivesud.com\/#organization\",\"name\":\"Nettoyage Pav\u00e9-Uni Rive-sud\",\"url\":\"https:\/\/nettoyagepaveunirivesud.com\/\",\"logo\":{\"@type\":\"ImageObject\",\"inLanguage\":\"fr-CA\",\"@id\":\"https:\/\/nettoyagepaveunirivesud.com\/#\/schema\/logo\/image\/\",\"url\":\"https:\/\/nettoyagepaveunirivesud.com\/wp-content\/uploads\/2025\/01\/Logo-Nettoyage-rs.jpg\",\"contentUrl\":\"https:\/\/nettoyagepaveunirivesud.com\/wp-content\/uploads\/2025\/01\/Logo-Nettoyage-rs.jpg\",\"width\":500,\"height\":500,\"caption\":\"Nettoyage Pav\u00e9-Uni Rive-sud\"},\"image\":{\"@id\":\"https:\/\/nettoyagepaveunirivesud.com\/#\/schema\/logo\/image\/\"}}]}<\/script>\n<!-- \/ Yoast SEO plugin. -->","yoast_head_json":{"title":"Techniseal Sable Polym\u00e8re 35Lbs (Brun) - Nettoyage Pav\u00e9-Uni &amp; Scellant Rive-Sud","robots":{"index":"index","follow":"follow","max-snippet":"max-snippet:-1","max-image-preview":"max-image-preview:large","max-video-preview":"max-video-preview:-1"},"canonical":"https:\/\/nettoyagepaveunirivesud.com\/index.php\/produit\/techniseal-polymeric-sand-35lbs-tan\/","og_locale":"fr_CA","og_type":"article","og_title":"Techniseal Sable Polym\u00e8re 35Lbs (Brun) - Nettoyage Pav\u00e9-Uni &amp; Scellant Rive-Sud","og_description":"Le sable polym\u00e8re EZ Sand Techniseal emp\u00eache la croissance des mauvaises herbes, repousse les fourmis et autres infestations d&rsquo;insectes. Ce mat\u00e9riau durable (certifi\u00e9 LEED) aide \u00e0 pr\u00e9venir l&rsquo;\u00e9rosion des pav\u00e9s. ...","og_url":"https:\/\/nettoyagepaveunirivesud.com\/index.php\/produit\/techniseal-polymeric-sand-35lbs-tan\/","og_site_name":"Nettoyage Pav\u00e9-Uni &amp; Scellant Rive-Sud","article_modified_time":"2025-01-04T11:47:17+00:00","og_image":[{"width":660,"height":660,"url":"https:\/\/nettoyagepaveunirivesud.com\/wp-content\/uploads\/2024\/07\/IMG_0555.jpeg","type":"image\/jpeg"}],"twitter_card":"summary_large_image","twitter_misc":{"Estimation du temps de lecture":"1 minute"},"schema":{"@context":"https:\/\/schema.org","@graph":[{"@type":"WebPage","@id":"https:\/\/nettoyagepaveunirivesud.com\/index.php\/produit\/techniseal-polymeric-sand-35lbs-tan\/","url":"https:\/\/nettoyagepaveunirivesud.com\/index.php\/produit\/techniseal-polymeric-sand-35lbs-tan\/","name":"Techniseal Sable Polym\u00e8re 35Lbs (Brun) - Nettoyage Pav\u00e9-Uni &amp; Scellant Rive-Sud","isPartOf":{"@id":"https:\/\/nettoyagepaveunirivesud.com\/#website"},"primaryImageOfPage":{"@id":"https:\/\/nettoyagepaveunirivesud.com\/index.php\/produit\/techniseal-polymeric-sand-35lbs-tan\/#primaryimage"},"image":{"@id":"https:\/\/nettoyagepaveunirivesud.com\/index.php\/produit\/techniseal-polymeric-sand-35lbs-tan\/#primaryimage"},"thumbnailUrl":"https:\/\/nettoyagepaveunirivesud.com\/wp-content\/uploads\/2024\/07\/IMG_0555.jpeg","datePublished":"2024-07-19T05:46:54+00:00","dateModified":"2025-01-04T11:47:17+00:00","breadcrumb":{"@id":"https:\/\/nettoyagepaveunirivesud.com\/index.php\/produit\/techniseal-polymeric-sand-35lbs-tan\/#breadcrumb"},"inLanguage":"fr-CA","potentialAction":[{"@type":"ReadAction","target":["https:\/\/nettoyagepaveunirivesud.com\/index.php\/produit\/techniseal-polymeric-sand-35lbs-tan\/"]}]},{"@type":"ImageObject","inLanguage":"fr-CA","@id":"https:\/\/nettoyagepaveunirivesud.com\/index.php\/produit\/techniseal-polymeric-sand-35lbs-tan\/#primaryimage","url":"https:\/\/nettoyagepaveunirivesud.com\/wp-content\/uploads\/2024\/07\/IMG_0555.jpeg","contentUrl":"https:\/\/nettoyagepaveunirivesud.com\/wp-content\/uploads\/2024\/07\/IMG_0555.jpeg","width":660,"height":660},{"@type":"BreadcrumbList","@id":"https:\/\/nettoyagepaveunirivesud.com\/index.php\/produit\/techniseal-polymeric-sand-35lbs-tan\/#breadcrumb","itemListElement":[{"@type":"ListItem","position":1,"name":"Home","item":"https:\/\/nettoyagepaveunirivesud.com\/"},{"@type":"ListItem","position":2,"name":"Shop","item":"https:\/\/nettoyagepaveunirivesud.com\/index.php\/shop\/"},{"@type":"ListItem","position":3,"name":"Techniseal Sable Polym\u00e8re 35Lbs (Brun)"}]},{"@type":"WebSite","@id":"https:\/\/nettoyagepaveunirivesud.com\/#website","url":"https:\/\/nettoyagepaveunirivesud.com\/","name":"Nettoyage Pav\u00e9-Uni Rive-sud","description":"Votre sp\u00e9cialiste dans le nettoyage et la pose de scellant sur la Rive-Sud.","publisher":{"@id":"https:\/\/nettoyagepaveunirivesud.com\/#organization"},"potentialAction":[{"@type":"SearchAction","target":{"@type":"EntryPoint","urlTemplate":"https:\/\/nettoyagepaveunirivesud.com\/?s={search_term_string}"},"query-input":{"@type":"PropertyValueSpecification","valueRequired":true,"valueName":"search_term_string"}}],"inLanguage":"fr-CA"},{"@type":"Organization","@id":"https:\/\/nettoyagepaveunirivesud.com\/#organization","name":"Nettoyage Pav\u00e9-Uni Rive-sud","url":"https:\/\/nettoyagepaveunirivesud.com\/","logo":{"@type":"ImageObject","inLanguage":"fr-CA","@id":"https:\/\/nettoyagepaveunirivesud.com\/#\/schema\/logo\/image\/","url":"https:\/\/nettoyagepaveunirivesud.com\/wp-content\/uploads\/2025\/01\/Logo-Nettoyage-rs.jpg","contentUrl":"https:\/\/nettoyagepaveunirivesud.com\/wp-content\/uploads\/2025\/01\/Logo-Nettoyage-rs.jpg","width":500,"height":500,"caption":"Nettoyage Pav\u00e9-Uni Rive-sud"},"image":{"@id":"https:\/\/nettoyagepaveunirivesud.com\/#\/schema\/logo\/image\/"}}]}},"_links":{"self":[{"href":"https:\/\/nettoyagepaveunirivesud.com\/index.php\/wp-json\/wp\/v2\/product\/1914","targetHints":{"allow":["GET"]}}],"collection":[{"href":"https:\/\/nettoyagepaveunirivesud.com\/index.php\/wp-json\/wp\/v2\/product"}],"about":[{"href":"https:\/\/nettoyagepaveunirivesud.com\/index.php\/wp-json\/wp\/v2\/types\/product"}],"wp:featuredmedia":[{"embeddable":true,"href":"https:\/\/nettoyagepaveunirivesud.com\/index.php\/wp-json\/wp\/v2\/media\/1915"}],"wp:attachment":[{"href":"https:\/\/nettoyagepaveunirivesud.com\/index.php\/wp-json\/wp\/v2\/media?parent=1914"}],"wp:term":[{"taxonomy":"product_cat","embeddable":true,"href":"https:\/\/nettoyagepaveunirivesud.com\/index.php\/wp-json\/wp\/v2\/product_cat?post=1914"},{"taxonomy":"product_tag","embeddable":true,"href":"https:\/\/nettoyagepaveunirivesud.com\/index.php\/wp-json\/wp\/v2\/product_tag?post=1914"}],"curies":[{"name":"wp","href":"https:\/\/api.w.org\/{rel}","templated":true}]}}