{"id":1919,"date":"2024-07-19T02:07:25","date_gmt":"2024-07-19T06:07:25","guid":{"rendered":"https:\/\/ottawainterlockcleaning.com\/?post_type=product&#038;p=1919"},"modified":"2025-01-04T06:44:28","modified_gmt":"2025-01-04T11:44:28","slug":"techniseal-natural-look-sealer-18-93l-5-gal-copy","status":"publish","type":"product","link":"https:\/\/nettoyagepaveunirivesud.com\/index.php\/produit\/techniseal-natural-look-sealer-18-93l-5-gal-copy\/","title":{"rendered":"Techniseal Scellant Aspect Naturel 18.93L (5 GAL)"},"content":{"rendered":"<p>Conservez la finition vibrante de votre all\u00e9e de pav\u00e9 avec ce protecteur de pav\u00e9 Techniseal de 18,93 litres. Il cr\u00e9e un film protecteur pour pr\u00e9venir les taches, la d\u00e9coloration et l&rsquo;\u00e9rosion. Ce protecteur de pav\u00e9 en b\u00e9ton a une finition semi-brillante pour compl\u00e9ter l&rsquo;esth\u00e9tique de votre espace de loisirs ext\u00e9rieur.<br \/>\nRehausse la couleur originale des pav\u00e9s<br \/>\nForme un film protecteur ultra-durable<\/p>\n","protected":false},"excerpt":{"rendered":"<p>Conservez la finition vibrante de votre all\u00e9e de pav\u00e9 avec ce protecteur de pav\u00e9 Techniseal de 18,93 litres. Il cr\u00e9e un film protecteur pour pr\u00e9venir les taches, la d\u00e9coloration et &#8230;<\/p>\n","protected":false},"featured_media":1920,"template":"","meta":[],"product_cat":[30],"product_tag":[],"class_list":{"0":"post-1919","1":"product","2":"type-product","3":"status-publish","4":"has-post-thumbnail","6":"product_cat-non-classe","8":"first","9":"instock","10":"taxable","11":"shipping-taxable","12":"purchasable","13":"product-type-simple"},"yoast_head":"<!-- This site is optimized with the Yoast SEO plugin v24.1 - https:\/\/yoast.com\/wordpress\/plugins\/seo\/ -->\n<title>Techniseal Scellant Aspect Naturel 18.93L (5 GAL) - Nettoyage Pav\u00e9-Uni &amp; Scellant Rive-Sud<\/title>\n<meta name=\"robots\" content=\"index, follow, max-snippet:-1, max-image-preview:large, max-video-preview:-1\" \/>\n<link rel=\"canonical\" href=\"https:\/\/nettoyagepaveunirivesud.com\/index.php\/produit\/techniseal-natural-look-sealer-18-93l-5-gal-copy\/\" \/>\n<meta property=\"og:locale\" content=\"fr_CA\" \/>\n<meta property=\"og:type\" content=\"article\" \/>\n<meta property=\"og:title\" content=\"Techniseal Scellant Aspect Naturel 18.93L (5 GAL) - Nettoyage Pav\u00e9-Uni &amp; Scellant Rive-Sud\" \/>\n<meta property=\"og:description\" content=\"Conservez la finition vibrante de votre all\u00e9e de pav\u00e9 avec ce protecteur de pav\u00e9 Techniseal de 18,93 litres. Il cr\u00e9e un film protecteur pour pr\u00e9venir les taches, la d\u00e9coloration et ...\" \/>\n<meta property=\"og:url\" content=\"https:\/\/nettoyagepaveunirivesud.com\/index.php\/produit\/techniseal-natural-look-sealer-18-93l-5-gal-copy\/\" \/>\n<meta property=\"og:site_name\" content=\"Nettoyage Pav\u00e9-Uni &amp; Scellant Rive-Sud\" \/>\n<meta property=\"article:modified_time\" content=\"2025-01-04T11:44:28+00:00\" \/>\n<meta property=\"og:image\" content=\"https:\/\/nettoyagepaveunirivesud.com\/wp-content\/uploads\/2024\/07\/IMG_0557.jpeg\" \/>\n\t<meta property=\"og:image:width\" content=\"827\" \/>\n\t<meta property=\"og:image:height\" content=\"742\" \/>\n\t<meta property=\"og:image:type\" content=\"image\/jpeg\" \/>\n<meta name=\"twitter:card\" content=\"summary_large_image\" \/>\n<meta name=\"twitter:label1\" content=\"Estimation du temps de lecture\" \/>\n\t<meta name=\"twitter:data1\" content=\"1 minute\" \/>\n<script type=\"application\/ld+json\" class=\"yoast-schema-graph\">{\"@context\":\"https:\/\/schema.org\",\"@graph\":[{\"@type\":\"WebPage\",\"@id\":\"https:\/\/nettoyagepaveunirivesud.com\/index.php\/produit\/techniseal-natural-look-sealer-18-93l-5-gal-copy\/\",\"url\":\"https:\/\/nettoyagepaveunirivesud.com\/index.php\/produit\/techniseal-natural-look-sealer-18-93l-5-gal-copy\/\",\"name\":\"Techniseal Scellant Aspect Naturel 18.93L (5 GAL) - Nettoyage Pav\u00e9-Uni &amp; Scellant Rive-Sud\",\"isPartOf\":{\"@id\":\"https:\/\/nettoyagepaveunirivesud.com\/#website\"},\"primaryImageOfPage\":{\"@id\":\"https:\/\/nettoyagepaveunirivesud.com\/index.php\/produit\/techniseal-natural-look-sealer-18-93l-5-gal-copy\/#primaryimage\"},\"image\":{\"@id\":\"https:\/\/nettoyagepaveunirivesud.com\/index.php\/produit\/techniseal-natural-look-sealer-18-93l-5-gal-copy\/#primaryimage\"},\"thumbnailUrl\":\"https:\/\/nettoyagepaveunirivesud.com\/wp-content\/uploads\/2024\/07\/IMG_0557.jpeg\",\"datePublished\":\"2024-07-19T06:07:25+00:00\",\"dateModified\":\"2025-01-04T11:44:28+00:00\",\"breadcrumb\":{\"@id\":\"https:\/\/nettoyagepaveunirivesud.com\/index.php\/produit\/techniseal-natural-look-sealer-18-93l-5-gal-copy\/#breadcrumb\"},\"inLanguage\":\"fr-CA\",\"potentialAction\":[{\"@type\":\"ReadAction\",\"target\":[\"https:\/\/nettoyagepaveunirivesud.com\/index.php\/produit\/techniseal-natural-look-sealer-18-93l-5-gal-copy\/\"]}]},{\"@type\":\"ImageObject\",\"inLanguage\":\"fr-CA\",\"@id\":\"https:\/\/nettoyagepaveunirivesud.com\/index.php\/produit\/techniseal-natural-look-sealer-18-93l-5-gal-copy\/#primaryimage\",\"url\":\"https:\/\/nettoyagepaveunirivesud.com\/wp-content\/uploads\/2024\/07\/IMG_0557.jpeg\",\"contentUrl\":\"https:\/\/nettoyagepaveunirivesud.com\/wp-content\/uploads\/2024\/07\/IMG_0557.jpeg\",\"width\":827,\"height\":742},{\"@type\":\"BreadcrumbList\",\"@id\":\"https:\/\/nettoyagepaveunirivesud.com\/index.php\/produit\/techniseal-natural-look-sealer-18-93l-5-gal-copy\/#breadcrumb\",\"itemListElement\":[{\"@type\":\"ListItem\",\"position\":1,\"name\":\"Home\",\"item\":\"https:\/\/nettoyagepaveunirivesud.com\/\"},{\"@type\":\"ListItem\",\"position\":2,\"name\":\"Shop\",\"item\":\"https:\/\/nettoyagepaveunirivesud.com\/index.php\/shop\/\"},{\"@type\":\"ListItem\",\"position\":3,\"name\":\"Techniseal Scellant Aspect Naturel 18.93L (5 GAL)\"}]},{\"@type\":\"WebSite\",\"@id\":\"https:\/\/nettoyagepaveunirivesud.com\/#website\",\"url\":\"https:\/\/nettoyagepaveunirivesud.com\/\",\"name\":\"Nettoyage Pav\u00e9-Uni Rive-sud\",\"description\":\"Votre sp\u00e9cialiste dans le nettoyage et la pose de scellant sur la Rive-Sud.\",\"publisher\":{\"@id\":\"https:\/\/nettoyagepaveunirivesud.com\/#organization\"},\"potentialAction\":[{\"@type\":\"SearchAction\",\"target\":{\"@type\":\"EntryPoint\",\"urlTemplate\":\"https:\/\/nettoyagepaveunirivesud.com\/?s={search_term_string}\"},\"query-input\":{\"@type\":\"PropertyValueSpecification\",\"valueRequired\":true,\"valueName\":\"search_term_string\"}}],\"inLanguage\":\"fr-CA\"},{\"@type\":\"Organization\",\"@id\":\"https:\/\/nettoyagepaveunirivesud.com\/#organization\",\"name\":\"Nettoyage Pav\u00e9-Uni Rive-sud\",\"url\":\"https:\/\/nettoyagepaveunirivesud.com\/\",\"logo\":{\"@type\":\"ImageObject\",\"inLanguage\":\"fr-CA\",\"@id\":\"https:\/\/nettoyagepaveunirivesud.com\/#\/schema\/logo\/image\/\",\"url\":\"https:\/\/nettoyagepaveunirivesud.com\/wp-content\/uploads\/2025\/01\/Logo-Nettoyage-rs.jpg\",\"contentUrl\":\"https:\/\/nettoyagepaveunirivesud.com\/wp-content\/uploads\/2025\/01\/Logo-Nettoyage-rs.jpg\",\"width\":500,\"height\":500,\"caption\":\"Nettoyage Pav\u00e9-Uni Rive-sud\"},\"image\":{\"@id\":\"https:\/\/nettoyagepaveunirivesud.com\/#\/schema\/logo\/image\/\"}}]}<\/script>\n<!-- \/ Yoast SEO plugin. -->","yoast_head_json":{"title":"Techniseal Scellant Aspect Naturel 18.93L (5 GAL) - Nettoyage Pav\u00e9-Uni &amp; Scellant Rive-Sud","robots":{"index":"index","follow":"follow","max-snippet":"max-snippet:-1","max-image-preview":"max-image-preview:large","max-video-preview":"max-video-preview:-1"},"canonical":"https:\/\/nettoyagepaveunirivesud.com\/index.php\/produit\/techniseal-natural-look-sealer-18-93l-5-gal-copy\/","og_locale":"fr_CA","og_type":"article","og_title":"Techniseal Scellant Aspect Naturel 18.93L (5 GAL) - Nettoyage Pav\u00e9-Uni &amp; Scellant Rive-Sud","og_description":"Conservez la finition vibrante de votre all\u00e9e de pav\u00e9 avec ce protecteur de pav\u00e9 Techniseal de 18,93 litres. Il cr\u00e9e un film protecteur pour pr\u00e9venir les taches, la d\u00e9coloration et ...","og_url":"https:\/\/nettoyagepaveunirivesud.com\/index.php\/produit\/techniseal-natural-look-sealer-18-93l-5-gal-copy\/","og_site_name":"Nettoyage Pav\u00e9-Uni &amp; Scellant Rive-Sud","article_modified_time":"2025-01-04T11:44:28+00:00","og_image":[{"width":827,"height":742,"url":"https:\/\/nettoyagepaveunirivesud.com\/wp-content\/uploads\/2024\/07\/IMG_0557.jpeg","type":"image\/jpeg"}],"twitter_card":"summary_large_image","twitter_misc":{"Estimation du temps de lecture":"1 minute"},"schema":{"@context":"https:\/\/schema.org","@graph":[{"@type":"WebPage","@id":"https:\/\/nettoyagepaveunirivesud.com\/index.php\/produit\/techniseal-natural-look-sealer-18-93l-5-gal-copy\/","url":"https:\/\/nettoyagepaveunirivesud.com\/index.php\/produit\/techniseal-natural-look-sealer-18-93l-5-gal-copy\/","name":"Techniseal Scellant Aspect Naturel 18.93L (5 GAL) - Nettoyage Pav\u00e9-Uni &amp; Scellant Rive-Sud","isPartOf":{"@id":"https:\/\/nettoyagepaveunirivesud.com\/#website"},"primaryImageOfPage":{"@id":"https:\/\/nettoyagepaveunirivesud.com\/index.php\/produit\/techniseal-natural-look-sealer-18-93l-5-gal-copy\/#primaryimage"},"image":{"@id":"https:\/\/nettoyagepaveunirivesud.com\/index.php\/produit\/techniseal-natural-look-sealer-18-93l-5-gal-copy\/#primaryimage"},"thumbnailUrl":"https:\/\/nettoyagepaveunirivesud.com\/wp-content\/uploads\/2024\/07\/IMG_0557.jpeg","datePublished":"2024-07-19T06:07:25+00:00","dateModified":"2025-01-04T11:44:28+00:00","breadcrumb":{"@id":"https:\/\/nettoyagepaveunirivesud.com\/index.php\/produit\/techniseal-natural-look-sealer-18-93l-5-gal-copy\/#breadcrumb"},"inLanguage":"fr-CA","potentialAction":[{"@type":"ReadAction","target":["https:\/\/nettoyagepaveunirivesud.com\/index.php\/produit\/techniseal-natural-look-sealer-18-93l-5-gal-copy\/"]}]},{"@type":"ImageObject","inLanguage":"fr-CA","@id":"https:\/\/nettoyagepaveunirivesud.com\/index.php\/produit\/techniseal-natural-look-sealer-18-93l-5-gal-copy\/#primaryimage","url":"https:\/\/nettoyagepaveunirivesud.com\/wp-content\/uploads\/2024\/07\/IMG_0557.jpeg","contentUrl":"https:\/\/nettoyagepaveunirivesud.com\/wp-content\/uploads\/2024\/07\/IMG_0557.jpeg","width":827,"height":742},{"@type":"BreadcrumbList","@id":"https:\/\/nettoyagepaveunirivesud.com\/index.php\/produit\/techniseal-natural-look-sealer-18-93l-5-gal-copy\/#breadcrumb","itemListElement":[{"@type":"ListItem","position":1,"name":"Home","item":"https:\/\/nettoyagepaveunirivesud.com\/"},{"@type":"ListItem","position":2,"name":"Shop","item":"https:\/\/nettoyagepaveunirivesud.com\/index.php\/shop\/"},{"@type":"ListItem","position":3,"name":"Techniseal Scellant Aspect Naturel 18.93L (5 GAL)"}]},{"@type":"WebSite","@id":"https:\/\/nettoyagepaveunirivesud.com\/#website","url":"https:\/\/nettoyagepaveunirivesud.com\/","name":"Nettoyage Pav\u00e9-Uni Rive-sud","description":"Votre sp\u00e9cialiste dans le nettoyage et la pose de scellant sur la Rive-Sud.","publisher":{"@id":"https:\/\/nettoyagepaveunirivesud.com\/#organization"},"potentialAction":[{"@type":"SearchAction","target":{"@type":"EntryPoint","urlTemplate":"https:\/\/nettoyagepaveunirivesud.com\/?s={search_term_string}"},"query-input":{"@type":"PropertyValueSpecification","valueRequired":true,"valueName":"search_term_string"}}],"inLanguage":"fr-CA"},{"@type":"Organization","@id":"https:\/\/nettoyagepaveunirivesud.com\/#organization","name":"Nettoyage Pav\u00e9-Uni Rive-sud","url":"https:\/\/nettoyagepaveunirivesud.com\/","logo":{"@type":"ImageObject","inLanguage":"fr-CA","@id":"https:\/\/nettoyagepaveunirivesud.com\/#\/schema\/logo\/image\/","url":"https:\/\/nettoyagepaveunirivesud.com\/wp-content\/uploads\/2025\/01\/Logo-Nettoyage-rs.jpg","contentUrl":"https:\/\/nettoyagepaveunirivesud.com\/wp-content\/uploads\/2025\/01\/Logo-Nettoyage-rs.jpg","width":500,"height":500,"caption":"Nettoyage Pav\u00e9-Uni Rive-sud"},"image":{"@id":"https:\/\/nettoyagepaveunirivesud.com\/#\/schema\/logo\/image\/"}}]}},"_links":{"self":[{"href":"https:\/\/nettoyagepaveunirivesud.com\/index.php\/wp-json\/wp\/v2\/product\/1919","targetHints":{"allow":["GET"]}}],"collection":[{"href":"https:\/\/nettoyagepaveunirivesud.com\/index.php\/wp-json\/wp\/v2\/product"}],"about":[{"href":"https:\/\/nettoyagepaveunirivesud.com\/index.php\/wp-json\/wp\/v2\/types\/product"}],"wp:featuredmedia":[{"embeddable":true,"href":"https:\/\/nettoyagepaveunirivesud.com\/index.php\/wp-json\/wp\/v2\/media\/1920"}],"wp:attachment":[{"href":"https:\/\/nettoyagepaveunirivesud.com\/index.php\/wp-json\/wp\/v2\/media?parent=1919"}],"wp:term":[{"taxonomy":"product_cat","embeddable":true,"href":"https:\/\/nettoyagepaveunirivesud.com\/index.php\/wp-json\/wp\/v2\/product_cat?post=1919"},{"taxonomy":"product_tag","embeddable":true,"href":"https:\/\/nettoyagepaveunirivesud.com\/index.php\/wp-json\/wp\/v2\/product_tag?post=1919"}],"curies":[{"name":"wp","href":"https:\/\/api.w.org\/{rel}","templated":true}]}}