{"id":1926,"date":"2024-07-19T02:23:18","date_gmt":"2024-07-19T06:23:18","guid":{"rendered":"https:\/\/ottawainterlockcleaning.com\/?post_type=product&#038;p=1926"},"modified":"2025-01-04T06:42:41","modified_gmt":"2025-01-04T11:42:41","slug":"techniseal-hardscape-cleaner-for-paver","status":"publish","type":"product","link":"https:\/\/nettoyagepaveunirivesud.com\/index.php\/produit\/techniseal-hardscape-cleaner-for-paver\/","title":{"rendered":"Techniseal Nettoyant pour pav\u00e9s"},"content":{"rendered":"<p>\u00c9liminez des ann\u00e9es de salet\u00e9 avec ce nettoyant pour am\u00e9nagement paysager Techni-Seal. Il contribue \u00e0 \u00e9claircir la couleur et nettoie facilement une grande vari\u00e9t\u00e9 de mat\u00e9riaux. Utilisez ce nettoyant pour am\u00e9nagement paysager pour les pav\u00e9s, les dalles, les murs, le b\u00e9ton et les pierres naturelles.<br \/>\nD\u00e9loge la salet\u00e9 incrust\u00e9e et ravive les couleurs Pour l&rsquo;entretien courant.<\/p>\n","protected":false},"excerpt":{"rendered":"<p>\u00c9liminez des ann\u00e9es de salet\u00e9 avec ce nettoyant pour am\u00e9nagement paysager Techni-Seal. Il contribue \u00e0 \u00e9claircir la couleur et nettoie facilement une grande vari\u00e9t\u00e9 de mat\u00e9riaux. Utilisez ce nettoyant pour &#8230;<\/p>\n","protected":false},"featured_media":1927,"template":"","meta":[],"product_cat":[30],"product_tag":[],"class_list":{"0":"post-1926","1":"product","2":"type-product","3":"status-publish","4":"has-post-thumbnail","6":"product_cat-non-classe","8":"first","9":"instock","10":"taxable","11":"shipping-taxable","12":"purchasable","13":"product-type-simple"},"yoast_head":"<!-- This site is optimized with the Yoast SEO plugin v24.1 - https:\/\/yoast.com\/wordpress\/plugins\/seo\/ -->\n<title>Techniseal Nettoyant pour pav\u00e9s - Nettoyage Pav\u00e9-Uni &amp; Scellant Rive-Sud<\/title>\n<meta name=\"robots\" content=\"index, follow, max-snippet:-1, max-image-preview:large, max-video-preview:-1\" \/>\n<link rel=\"canonical\" href=\"https:\/\/nettoyagepaveunirivesud.com\/index.php\/produit\/techniseal-hardscape-cleaner-for-paver\/\" \/>\n<meta property=\"og:locale\" content=\"fr_CA\" \/>\n<meta property=\"og:type\" content=\"article\" \/>\n<meta property=\"og:title\" content=\"Techniseal Nettoyant pour pav\u00e9s - Nettoyage Pav\u00e9-Uni &amp; Scellant Rive-Sud\" \/>\n<meta property=\"og:description\" content=\"\u00c9liminez des ann\u00e9es de salet\u00e9 avec ce nettoyant pour am\u00e9nagement paysager Techni-Seal. Il contribue \u00e0 \u00e9claircir la couleur et nettoie facilement une grande vari\u00e9t\u00e9 de mat\u00e9riaux. Utilisez ce nettoyant pour ...\" \/>\n<meta property=\"og:url\" content=\"https:\/\/nettoyagepaveunirivesud.com\/index.php\/produit\/techniseal-hardscape-cleaner-for-paver\/\" \/>\n<meta property=\"og:site_name\" content=\"Nettoyage Pav\u00e9-Uni &amp; Scellant Rive-Sud\" \/>\n<meta property=\"article:modified_time\" content=\"2025-01-04T11:42:41+00:00\" \/>\n<meta property=\"og:image\" content=\"https:\/\/nettoyagepaveunirivesud.com\/wp-content\/uploads\/2024\/07\/IMG_0559.jpeg\" \/>\n\t<meta property=\"og:image:width\" content=\"660\" \/>\n\t<meta property=\"og:image:height\" content=\"660\" \/>\n\t<meta property=\"og:image:type\" content=\"image\/jpeg\" \/>\n<meta name=\"twitter:card\" content=\"summary_large_image\" \/>\n<meta name=\"twitter:label1\" content=\"Estimation du temps de lecture\" \/>\n\t<meta name=\"twitter:data1\" content=\"1 minute\" \/>\n<script type=\"application\/ld+json\" class=\"yoast-schema-graph\">{\"@context\":\"https:\/\/schema.org\",\"@graph\":[{\"@type\":\"WebPage\",\"@id\":\"https:\/\/nettoyagepaveunirivesud.com\/index.php\/produit\/techniseal-hardscape-cleaner-for-paver\/\",\"url\":\"https:\/\/nettoyagepaveunirivesud.com\/index.php\/produit\/techniseal-hardscape-cleaner-for-paver\/\",\"name\":\"Techniseal Nettoyant pour pav\u00e9s - Nettoyage Pav\u00e9-Uni &amp; Scellant Rive-Sud\",\"isPartOf\":{\"@id\":\"https:\/\/nettoyagepaveunirivesud.com\/#website\"},\"primaryImageOfPage\":{\"@id\":\"https:\/\/nettoyagepaveunirivesud.com\/index.php\/produit\/techniseal-hardscape-cleaner-for-paver\/#primaryimage\"},\"image\":{\"@id\":\"https:\/\/nettoyagepaveunirivesud.com\/index.php\/produit\/techniseal-hardscape-cleaner-for-paver\/#primaryimage\"},\"thumbnailUrl\":\"https:\/\/nettoyagepaveunirivesud.com\/wp-content\/uploads\/2024\/07\/IMG_0559.jpeg\",\"datePublished\":\"2024-07-19T06:23:18+00:00\",\"dateModified\":\"2025-01-04T11:42:41+00:00\",\"breadcrumb\":{\"@id\":\"https:\/\/nettoyagepaveunirivesud.com\/index.php\/produit\/techniseal-hardscape-cleaner-for-paver\/#breadcrumb\"},\"inLanguage\":\"fr-CA\",\"potentialAction\":[{\"@type\":\"ReadAction\",\"target\":[\"https:\/\/nettoyagepaveunirivesud.com\/index.php\/produit\/techniseal-hardscape-cleaner-for-paver\/\"]}]},{\"@type\":\"ImageObject\",\"inLanguage\":\"fr-CA\",\"@id\":\"https:\/\/nettoyagepaveunirivesud.com\/index.php\/produit\/techniseal-hardscape-cleaner-for-paver\/#primaryimage\",\"url\":\"https:\/\/nettoyagepaveunirivesud.com\/wp-content\/uploads\/2024\/07\/IMG_0559.jpeg\",\"contentUrl\":\"https:\/\/nettoyagepaveunirivesud.com\/wp-content\/uploads\/2024\/07\/IMG_0559.jpeg\",\"width\":660,\"height\":660},{\"@type\":\"BreadcrumbList\",\"@id\":\"https:\/\/nettoyagepaveunirivesud.com\/index.php\/produit\/techniseal-hardscape-cleaner-for-paver\/#breadcrumb\",\"itemListElement\":[{\"@type\":\"ListItem\",\"position\":1,\"name\":\"Home\",\"item\":\"https:\/\/nettoyagepaveunirivesud.com\/\"},{\"@type\":\"ListItem\",\"position\":2,\"name\":\"Shop\",\"item\":\"https:\/\/nettoyagepaveunirivesud.com\/index.php\/shop\/\"},{\"@type\":\"ListItem\",\"position\":3,\"name\":\"Techniseal Nettoyant pour pav\u00e9s\"}]},{\"@type\":\"WebSite\",\"@id\":\"https:\/\/nettoyagepaveunirivesud.com\/#website\",\"url\":\"https:\/\/nettoyagepaveunirivesud.com\/\",\"name\":\"Nettoyage Pav\u00e9-Uni Rive-sud\",\"description\":\"Votre sp\u00e9cialiste dans le nettoyage et la pose de scellant sur la Rive-Sud.\",\"publisher\":{\"@id\":\"https:\/\/nettoyagepaveunirivesud.com\/#organization\"},\"potentialAction\":[{\"@type\":\"SearchAction\",\"target\":{\"@type\":\"EntryPoint\",\"urlTemplate\":\"https:\/\/nettoyagepaveunirivesud.com\/?s={search_term_string}\"},\"query-input\":{\"@type\":\"PropertyValueSpecification\",\"valueRequired\":true,\"valueName\":\"search_term_string\"}}],\"inLanguage\":\"fr-CA\"},{\"@type\":\"Organization\",\"@id\":\"https:\/\/nettoyagepaveunirivesud.com\/#organization\",\"name\":\"Nettoyage Pav\u00e9-Uni Rive-sud\",\"url\":\"https:\/\/nettoyagepaveunirivesud.com\/\",\"logo\":{\"@type\":\"ImageObject\",\"inLanguage\":\"fr-CA\",\"@id\":\"https:\/\/nettoyagepaveunirivesud.com\/#\/schema\/logo\/image\/\",\"url\":\"https:\/\/nettoyagepaveunirivesud.com\/wp-content\/uploads\/2025\/01\/Logo-Nettoyage-rs.jpg\",\"contentUrl\":\"https:\/\/nettoyagepaveunirivesud.com\/wp-content\/uploads\/2025\/01\/Logo-Nettoyage-rs.jpg\",\"width\":500,\"height\":500,\"caption\":\"Nettoyage Pav\u00e9-Uni Rive-sud\"},\"image\":{\"@id\":\"https:\/\/nettoyagepaveunirivesud.com\/#\/schema\/logo\/image\/\"}}]}<\/script>\n<!-- \/ Yoast SEO plugin. -->","yoast_head_json":{"title":"Techniseal Nettoyant pour pav\u00e9s - Nettoyage Pav\u00e9-Uni &amp; Scellant Rive-Sud","robots":{"index":"index","follow":"follow","max-snippet":"max-snippet:-1","max-image-preview":"max-image-preview:large","max-video-preview":"max-video-preview:-1"},"canonical":"https:\/\/nettoyagepaveunirivesud.com\/index.php\/produit\/techniseal-hardscape-cleaner-for-paver\/","og_locale":"fr_CA","og_type":"article","og_title":"Techniseal Nettoyant pour pav\u00e9s - Nettoyage Pav\u00e9-Uni &amp; Scellant Rive-Sud","og_description":"\u00c9liminez des ann\u00e9es de salet\u00e9 avec ce nettoyant pour am\u00e9nagement paysager Techni-Seal. Il contribue \u00e0 \u00e9claircir la couleur et nettoie facilement une grande vari\u00e9t\u00e9 de mat\u00e9riaux. Utilisez ce nettoyant pour ...","og_url":"https:\/\/nettoyagepaveunirivesud.com\/index.php\/produit\/techniseal-hardscape-cleaner-for-paver\/","og_site_name":"Nettoyage Pav\u00e9-Uni &amp; Scellant Rive-Sud","article_modified_time":"2025-01-04T11:42:41+00:00","og_image":[{"width":660,"height":660,"url":"https:\/\/nettoyagepaveunirivesud.com\/wp-content\/uploads\/2024\/07\/IMG_0559.jpeg","type":"image\/jpeg"}],"twitter_card":"summary_large_image","twitter_misc":{"Estimation du temps de lecture":"1 minute"},"schema":{"@context":"https:\/\/schema.org","@graph":[{"@type":"WebPage","@id":"https:\/\/nettoyagepaveunirivesud.com\/index.php\/produit\/techniseal-hardscape-cleaner-for-paver\/","url":"https:\/\/nettoyagepaveunirivesud.com\/index.php\/produit\/techniseal-hardscape-cleaner-for-paver\/","name":"Techniseal Nettoyant pour pav\u00e9s - Nettoyage Pav\u00e9-Uni &amp; Scellant Rive-Sud","isPartOf":{"@id":"https:\/\/nettoyagepaveunirivesud.com\/#website"},"primaryImageOfPage":{"@id":"https:\/\/nettoyagepaveunirivesud.com\/index.php\/produit\/techniseal-hardscape-cleaner-for-paver\/#primaryimage"},"image":{"@id":"https:\/\/nettoyagepaveunirivesud.com\/index.php\/produit\/techniseal-hardscape-cleaner-for-paver\/#primaryimage"},"thumbnailUrl":"https:\/\/nettoyagepaveunirivesud.com\/wp-content\/uploads\/2024\/07\/IMG_0559.jpeg","datePublished":"2024-07-19T06:23:18+00:00","dateModified":"2025-01-04T11:42:41+00:00","breadcrumb":{"@id":"https:\/\/nettoyagepaveunirivesud.com\/index.php\/produit\/techniseal-hardscape-cleaner-for-paver\/#breadcrumb"},"inLanguage":"fr-CA","potentialAction":[{"@type":"ReadAction","target":["https:\/\/nettoyagepaveunirivesud.com\/index.php\/produit\/techniseal-hardscape-cleaner-for-paver\/"]}]},{"@type":"ImageObject","inLanguage":"fr-CA","@id":"https:\/\/nettoyagepaveunirivesud.com\/index.php\/produit\/techniseal-hardscape-cleaner-for-paver\/#primaryimage","url":"https:\/\/nettoyagepaveunirivesud.com\/wp-content\/uploads\/2024\/07\/IMG_0559.jpeg","contentUrl":"https:\/\/nettoyagepaveunirivesud.com\/wp-content\/uploads\/2024\/07\/IMG_0559.jpeg","width":660,"height":660},{"@type":"BreadcrumbList","@id":"https:\/\/nettoyagepaveunirivesud.com\/index.php\/produit\/techniseal-hardscape-cleaner-for-paver\/#breadcrumb","itemListElement":[{"@type":"ListItem","position":1,"name":"Home","item":"https:\/\/nettoyagepaveunirivesud.com\/"},{"@type":"ListItem","position":2,"name":"Shop","item":"https:\/\/nettoyagepaveunirivesud.com\/index.php\/shop\/"},{"@type":"ListItem","position":3,"name":"Techniseal Nettoyant pour pav\u00e9s"}]},{"@type":"WebSite","@id":"https:\/\/nettoyagepaveunirivesud.com\/#website","url":"https:\/\/nettoyagepaveunirivesud.com\/","name":"Nettoyage Pav\u00e9-Uni Rive-sud","description":"Votre sp\u00e9cialiste dans le nettoyage et la pose de scellant sur la Rive-Sud.","publisher":{"@id":"https:\/\/nettoyagepaveunirivesud.com\/#organization"},"potentialAction":[{"@type":"SearchAction","target":{"@type":"EntryPoint","urlTemplate":"https:\/\/nettoyagepaveunirivesud.com\/?s={search_term_string}"},"query-input":{"@type":"PropertyValueSpecification","valueRequired":true,"valueName":"search_term_string"}}],"inLanguage":"fr-CA"},{"@type":"Organization","@id":"https:\/\/nettoyagepaveunirivesud.com\/#organization","name":"Nettoyage Pav\u00e9-Uni Rive-sud","url":"https:\/\/nettoyagepaveunirivesud.com\/","logo":{"@type":"ImageObject","inLanguage":"fr-CA","@id":"https:\/\/nettoyagepaveunirivesud.com\/#\/schema\/logo\/image\/","url":"https:\/\/nettoyagepaveunirivesud.com\/wp-content\/uploads\/2025\/01\/Logo-Nettoyage-rs.jpg","contentUrl":"https:\/\/nettoyagepaveunirivesud.com\/wp-content\/uploads\/2025\/01\/Logo-Nettoyage-rs.jpg","width":500,"height":500,"caption":"Nettoyage Pav\u00e9-Uni Rive-sud"},"image":{"@id":"https:\/\/nettoyagepaveunirivesud.com\/#\/schema\/logo\/image\/"}}]}},"_links":{"self":[{"href":"https:\/\/nettoyagepaveunirivesud.com\/index.php\/wp-json\/wp\/v2\/product\/1926","targetHints":{"allow":["GET"]}}],"collection":[{"href":"https:\/\/nettoyagepaveunirivesud.com\/index.php\/wp-json\/wp\/v2\/product"}],"about":[{"href":"https:\/\/nettoyagepaveunirivesud.com\/index.php\/wp-json\/wp\/v2\/types\/product"}],"wp:featuredmedia":[{"embeddable":true,"href":"https:\/\/nettoyagepaveunirivesud.com\/index.php\/wp-json\/wp\/v2\/media\/1927"}],"wp:attachment":[{"href":"https:\/\/nettoyagepaveunirivesud.com\/index.php\/wp-json\/wp\/v2\/media?parent=1926"}],"wp:term":[{"taxonomy":"product_cat","embeddable":true,"href":"https:\/\/nettoyagepaveunirivesud.com\/index.php\/wp-json\/wp\/v2\/product_cat?post=1926"},{"taxonomy":"product_tag","embeddable":true,"href":"https:\/\/nettoyagepaveunirivesud.com\/index.php\/wp-json\/wp\/v2\/product_tag?post=1926"}],"curies":[{"name":"wp","href":"https:\/\/api.w.org\/{rel}","templated":true}]}}